{"id":3,"date":"2023-04-28T19:02:44","date_gmt":"2023-04-28T19:02:44","guid":{"rendered":"https:\/\/numerique.vamtam.com\/?page_id=3"},"modified":"2026-02-18T12:03:38","modified_gmt":"2026-02-18T11:03:38","slug":"privacy-policy","status":"publish","type":"page","link":"https:\/\/digitalcarestudio.com\/en\/privacy-policy\/","title":{"rendered":"Privacy Policy"},"content":{"rendered":"\t\t<div data-elementor-type=\"wp-page\" data-elementor-id=\"3\" class=\"elementor elementor-3\" data-elementor-post-type=\"page\">\n\t\t\t\t\t\t<section class=\"elementor-section elementor-top-section elementor-element elementor-element-8b404da elementor-section-boxed elementor-section-height-default elementor-section-height-default\" data-id=\"8b404da\" data-element_type=\"section\" data-settings=\"{&quot;background_background&quot;:&quot;gradient&quot;}\">\n\t\t\t\t\t\t<div class=\"elementor-container elementor-column-gap-no\">\n\t\t\t\t\t<div class=\"elementor-column elementor-col-100 elementor-top-column elementor-element elementor-element-3d086fd\" data-id=\"3d086fd\" data-element_type=\"column\">\n\t\t\t<div class=\"elementor-widget-wrap elementor-element-populated\">\n\t\t\t\t\t\t<div class=\"elementor-element elementor-element-b2cdda0 elementor-invisible elementor-widget elementor-widget-heading\" data-id=\"b2cdda0\" data-element_type=\"widget\" data-settings=\"{&quot;_animation&quot;:&quot;fadeIn&quot;,&quot;_animation_tablet&quot;:&quot;none&quot;,&quot;_animation_delay&quot;:300}\" data-widget_type=\"heading.default\">\n\t\t\t\t<div class=\"elementor-widget-container\">\n\t\t\t\t\t<h1 class=\"elementor-heading-title elementor-size-default\">Privacy Policy<\/h1>\t\t\t\t<\/div>\n\t\t\t\t<\/div>\n\t\t\t\t<div class=\"elementor-element elementor-element-ef24c8c elementor-widget__width-initial elementor-widget-mobile__width-inherit elementor-widget-tablet__width-inherit elementor-widget elementor-widget-text-editor\" data-id=\"ef24c8c\" data-element_type=\"widget\" data-widget_type=\"text-editor.default\">\n\t\t\t\t<div class=\"elementor-widget-container\">\n\t\t\t\t\t\t\t\t\t<p>for Digital Care Studio LLC.<\/p>\t\t\t\t\t\t\t\t<\/div>\n\t\t\t\t<\/div>\n\t\t\t\t\t<\/div>\n\t\t<\/div>\n\t\t\t\t\t<\/div>\n\t\t<\/section>\n\t\t\t\t<section class=\"elementor-section elementor-top-section elementor-element elementor-element-5370d28 elementor-section-boxed elementor-section-height-default elementor-section-height-default\" data-id=\"5370d28\" data-element_type=\"section\">\n\t\t\t\t\t\t<div class=\"elementor-container elementor-column-gap-no\">\n\t\t\t\t\t<div class=\"elementor-column elementor-col-100 elementor-top-column elementor-element elementor-element-3688fcd\" data-id=\"3688fcd\" data-element_type=\"column\">\n\t\t\t<div class=\"elementor-widget-wrap elementor-element-populated\">\n\t\t\t\t\t\t<div class=\"elementor-element elementor-element-cf206ff elementor-widget elementor-widget-text-editor\" data-id=\"cf206ff\" data-element_type=\"widget\" data-widget_type=\"text-editor.default\">\n\t\t\t\t<div class=\"elementor-widget-container\">\n\t\t\t\t\t\t\t\t\t<p>Last Updated On 25-Jun-2025<br \/>Effective Date 12-Feb-2024<\/p><p>This Privacy Policy describes the policies of Digital Care Studio Kft.<\/p><ul><li>EU VAT ID number: HU32159804<\/li><li><span class=\"HwtZe\" lang=\"en\"><span class=\"jCAhz ChMk0b\"><span class=\"ryNqvb\">Company registration number: <\/span><\/span><span class=\"jCAhz ChMk0b\"><span class=\"ryNqvb\">20-09-078537<\/span><\/span><\/span><\/li><li>E-mail: hello@digitalcarestudio.com<\/li><\/ul><p>on the collection,<br \/>use and disclosure of your information that we collect<br \/>when you use our website ( https:\/\/digitalcarestudio.com ).<br \/>(the \u201cService\u201d). By accessing or using<br \/>the<br \/>Service, you are consenting to the collection, use and<br \/>disclosure of your information in accordance with this<br \/>Privacy Policy. If you do not consent to the same,<br \/>please do not access or use the Service.<\/p><p>We may modify this Privacy Policy at any time without<br \/>any prior notice to you and will post the revised<br \/>Privacy Policy on the Service. The revised Policy will<br \/>be effective 180 days from when the<br \/>revised Policy is posted in the Service and your<br \/>continued access or use of the Service after such time<br \/>will constitute your acceptance of the revised Privacy<br \/>Policy. We therefore recommend that you periodically<br \/>review this page.<\/p><ol><li><h2>Information We Collect:<\/h2><p>We will collect and process the following<br \/>personal information about you:<\/p><ol><li>Name<\/li><li>Email<\/li><li>Mobile<\/li><li>Gender<\/li><li>Country<\/li><li>Age<\/li><li>Device type<\/li><li>Browser type<\/li><\/ol><\/li><li><h2>How We Use Your Information:<\/h2><p>We will use the information that we collect<br \/>about you for the following purposes:<\/p><ol><li>Testimonials<\/li><li>Customer feedback collection<\/li><li>Manage customer order<\/li><\/ol><p>If we want to use your information for any other<br \/>purpose, we will ask you for consent and will<br \/>use your information only on receiving your<br \/>consent and then, only for the purpose(s) for<br \/>which grant consent unless we are required to do<br \/>otherwise by law.<\/p><\/li><li><h2>How We Share Your Information:<\/h2><p>We will not transfer your personal information<br \/>to any third party without seeking your consent,<br \/>except in limited circumstances as described<br \/>below:<\/p><ol><li>Google Ads<\/li><li>Google Analytics<\/li><li>Google Tag Manager<\/li><\/ol><p>We require such third party\u2019s to use the<br \/>personal information we transfer to them only<br \/>for the purpose for which it was transferred and<br \/>not to retain it for longer than is required for<br \/>fulfilling the said purpose.<\/p><p>We may also disclose your personal information<br \/>for the following: (1) to comply with applicable<br \/>law, regulation, court order or other legal<br \/>process; (2) to enforce your agreements with us,<br \/>including this Privacy Policy; or (3) to respond<br \/>to claims that your use of the Service violates<br \/>any third-party rights. If the Service or our<br \/>company is merged or acquired with another<br \/>company, your information will be one of the<br \/>assets that is transferred to the new owner.<\/p><\/li><li><h2>Retention Of Your Information:<\/h2><p>We will retain your personal information with us<br \/>for<br \/>90 days to 2 years after user terminate account<br \/>or for as<br \/>long as we need it to fulfill the purposes for<br \/>which it was collected as detailed in this<br \/>Privacy Policy. We may need to retain certain<br \/>information for longer periods such as<br \/>record-keeping \/ reporting in accordance with<br \/>applicable law or for other legitimate reasons<br \/>like enforcement of legal rights, fraud<br \/>prevention, etc. Residual anonymous information<br \/>and aggregate information, neither of which<br \/>identifies you (directly or indirectly), may be<br \/>stored indefinitely.<\/p><\/li><li><h2>Your Rights:<\/h2><p>Depending on the law that applies, you may have<br \/>a right to access and rectify or erase your<br \/>personal data or receive a copy of your personal<br \/>data, restrict or object to the active<br \/>processing of your data, ask us to share (port)<br \/>your personal information to another entity,<br \/>withdraw any consent you provided to us to<br \/>process your data, a right to lodge a complaint<br \/>with a statutory authority and such other rights<br \/>as may be relevant under applicable laws. To<br \/>exercise these rights, you can write to us at<br \/>hello@digitalcarestudio.com.<br \/>We will respond to your<br \/>request in accordance with applicable law.<\/p><p>Do note that if you do not allow us to collect<br \/>or process the required personal information or<br \/>withdraw the consent to process the same for the<br \/>required purposes, you may not be able to access<br \/>or use the services for which your information<br \/>was sought.<\/p><\/li><li><h2>Cookies Etc.<\/h2><p>To learn more about how we use these<br \/>and your choices in relation to these tracking<br \/>technologies, please refer to our<br \/><a href=\"https:\/\/digitalcarestudio.com\/privacy-policy\/\">Cookie Policy.<\/a><\/p><\/li><li><h2>Security:<\/h2><p>The security of your information is important to<br \/>us and we will use reasonable security measures<br \/>to prevent the loss, misuse or unauthorized<br \/>alteration of your information under our<br \/>control. However, given the inherent risks, we<br \/>cannot guarantee absolute security and<br \/>consequently, we cannot ensure or warrant the<br \/>security of any information you transmit to us<br \/>and you do so at your own risk.<\/p><\/li><li><h2>Grievance \/ Data Protection Officer:<\/h2><p>If you have any queries or concerns about the<br \/>processing of your information that is available<br \/>with us, you may email our Grievance Officer at<br \/>Digital Care Studio Kft.,<br \/>Cs\u00f6m\u00f6d\u00e9r F\u0151 \u00fat 65,<br \/>email: hello@digitalcarestudio.com.<br \/>We will address your concerns in accordance with applicable law.<\/p><\/li><\/ol><p>Privacy Policy generated with <a href=\"https:\/\/www.cookieyes.com\/?utm_source=PP&amp;utm_medium=footer&amp;utm_campaign=UW\" target=\"_blank\" rel=\"noopener\">CookieYes<\/a>.<\/p>\t\t\t\t\t\t\t\t<\/div>\n\t\t\t\t<\/div>\n\t\t\t\t<div class=\"elementor-element elementor-element-e2b0358 elementor-widget elementor-widget-html\" data-id=\"e2b0358\" data-element_type=\"widget\" data-widget_type=\"html.default\">\n\t\t\t\t<div class=\"elementor-widget-container\">\n\t\t\t\t\t<iframe src=\"https:\/\/script.google.com\/macros\/s\/AKfycbyKLLSWrY6fNq_A2gWVal8Mmhrx5DOM4X2z-7AF2UEnVWb4B-hBkEgFQFBc9NvbXYMGgw\/exec\" \n        style=\"position: fixed; bottom: 0; right: 0; width: 400px; height: 600px; border: none; z-index: 9999; pointer-events: none;\" \n        id=\"chat-iframe\">\n<\/iframe>\n\n<script>\n  const iframe = document.getElementById('chat-iframe');\n  iframe.onload = function() {\n      iframe.style.pointerEvents = 'auto';\n  };\n<\/script>\t\t\t\t<\/div>\n\t\t\t\t<\/div>\n\t\t\t\t\t<\/div>\n\t\t<\/div>\n\t\t\t\t\t<\/div>\n\t\t<\/section>\n\t\t\t\t<\/div>\n\t\t","protected":false},"excerpt":{"rendered":"<p>Privacy Policy for Digital Care Studio LLC. Last Updated On 25-Jun-2025Effective Date 12-Feb-2024 This Privacy Policy describes the policies of Digital Care Studio Kft. EU VAT ID number: HU32159804 Company registration number: 20-09-078537 E-mail: hello@digitalcarestudio.com on the collection,use and disclosure of your information that we collectwhen you use our website ( https:\/\/digitalcarestudio.com ).(the \u201cService\u201d). By&#8230;<\/p>\n","protected":false},"author":1,"featured_media":0,"parent":0,"menu_order":0,"comment_status":"closed","ping_status":"closed","template":"","meta":{"footnotes":""},"class_list":["post-3","page","type-page","status-publish","hentry"],"_links":{"self":[{"href":"https:\/\/digitalcarestudio.com\/en\/wp-json\/wp\/v2\/pages\/3","targetHints":{"allow":["GET"]}}],"collection":[{"href":"https:\/\/digitalcarestudio.com\/en\/wp-json\/wp\/v2\/pages"}],"about":[{"href":"https:\/\/digitalcarestudio.com\/en\/wp-json\/wp\/v2\/types\/page"}],"author":[{"embeddable":true,"href":"https:\/\/digitalcarestudio.com\/en\/wp-json\/wp\/v2\/users\/1"}],"replies":[{"embeddable":true,"href":"https:\/\/digitalcarestudio.com\/en\/wp-json\/wp\/v2\/comments?post=3"}],"version-history":[{"count":63,"href":"https:\/\/digitalcarestudio.com\/en\/wp-json\/wp\/v2\/pages\/3\/revisions"}],"predecessor-version":[{"id":994179,"href":"https:\/\/digitalcarestudio.com\/en\/wp-json\/wp\/v2\/pages\/3\/revisions\/994179"}],"wp:attachment":[{"href":"https:\/\/digitalcarestudio.com\/en\/wp-json\/wp\/v2\/media?parent=3"}],"curies":[{"name":"wp","href":"https:\/\/api.w.org\/{rel}","templated":true}]}}